{"id":677,"date":"2025-02-04T19:39:55","date_gmt":"2025-02-04T18:39:55","guid":{"rendered":"https:\/\/www.schwaiger-transporte.at\/?page_id=677"},"modified":"2025-02-04T19:47:44","modified_gmt":"2025-02-04T18:47:44","slug":"ueber-mich","status":"publish","type":"page","link":"https:\/\/www.schwaiger-transporte.at\/?page_id=677","title":{"rendered":"\u00dcber Mich"},"content":{"rendered":"\n<figure class=\"wp-block-image size-large is-resized\"><img fetchpriority=\"high\" decoding=\"async\" width=\"699\" height=\"1024\" src=\"https:\/\/www.schwaiger-transporte.at\/wp-content\/uploads\/2025\/02\/Calvin_mit_Diplom-699x1024.jpg\" alt=\"\" class=\"wp-image-669\" style=\"width:410px;height:auto\" srcset=\"https:\/\/www.schwaiger-transporte.at\/wp-content\/uploads\/2025\/02\/Calvin_mit_Diplom-699x1024.jpg 699w, https:\/\/www.schwaiger-transporte.at\/wp-content\/uploads\/2025\/02\/Calvin_mit_Diplom-205x300.jpg 205w, https:\/\/www.schwaiger-transporte.at\/wp-content\/uploads\/2025\/02\/Calvin_mit_Diplom-768x1125.jpg 768w, https:\/\/www.schwaiger-transporte.at\/wp-content\/uploads\/2025\/02\/Calvin_mit_Diplom-1048x1536.jpg 1048w, https:\/\/www.schwaiger-transporte.at\/wp-content\/uploads\/2025\/02\/Calvin_mit_Diplom-1398x2048.jpg 1398w, https:\/\/www.schwaiger-transporte.at\/wp-content\/uploads\/2025\/02\/Calvin_mit_Diplom-1140x1670.jpg 1140w, https:\/\/www.schwaiger-transporte.at\/wp-content\/uploads\/2025\/02\/Calvin_mit_Diplom-scaled.jpg 1747w\" sizes=\"(max-width: 699px) 100vw, 699px\" \/><\/figure>\n\n\n\n<p>Ich wurde 1993 in Bregenz geboren und bin in Hard aufgewachsen, wo sich auch heute noch mein Lebensmittelpunkt befindet.&nbsp;<\/p>\n\n\n\n<p>Bereits in jungen Jahren erwachte eine gro\u00dfe Leidenschaft f\u00fcr Baumaschinen und deren T\u00e4tigkeiten in mir, die mich bis heute auf meinem Lebensweg begleiten.<\/p>\n\n\n\n<p>Von 2000 bis 2009 besuchte ich die Volks- und Hauptschule in Hard. Dort erlernte ich nicht nur die grundlegenden schulischen F\u00e4higkeiten, sondern auch die Werte von Teamarbeit und Engagement zu sch\u00e4tzen.&nbsp;<\/p>\n\n\n\n<p>Seit 2005 bin ich Mitglied der Feuerwehr Hard , weil das Ehrenamt f\u00fcr mich bis heute einen sehr hohen Stellenwert hat.<\/p>\n\n\n\n<p>Im Jahr 2009 begann ich eine Lehre als Koch, die ich mit Erfolg abgeschlossen habe. Jedoch war mir schon w\u00e4hrend der Lehrjahre klar, dass ich mich im freien auf einem Haufen Kies oder Dreck sehe und nicht in einer K\u00fcche.<\/p>\n\n\n\n<p>Nach der Lehre begannen f\u00fcr mich 4 Jahre voller pr\u00e4gender Erlebnisse. Ich leistete meinen Grundwehrdienst beim Bundesheer ab und entschloss mich, meine Karriere beim Heer fortzuf\u00fchren.<\/p>\n\n\n\n<p>Ich absolvierte Auslandseins\u00e4tze im Kosovo und Libanon.<\/p>\n\n\n\n<p>Nach meiner Zeit beim Bundesheer suchte ich nach neuen beruflichen Herausforderungen.&nbsp;<\/p>\n\n\n\n<p>In mehreren Baufirmen durfte ich Fachpraxis sammeln. In dieser Zeit wurde mir klar, dass ich mein eigenes Unternehmen gr\u00fcnden m\u00f6chte. Um mein Ziel zu verwirklichen, nahm ich 2021 an mehreren Kursen und Lehrg\u00e4ngen beim WIFI und an der Bauakademie teil. Ebenfalls absolvierte ich im selben Jahr die Konzessionspr\u00fcfung f\u00fcr den Grenz\u00fcbergreifenden G\u00fcterverkehr.<\/p>\n\n\n\n<p>Heute freue ich mich mein eigenes Unternehmen zu f\u00fchren und die F\u00e4higkeiten, die ich \u00fcber die Jahre erworben habe, in meiner t\u00e4glichen Arbeit einzusetzen. Die Kombination aus meiner praktischen Erfahrung, meiner Ausbildung und meiner Leidenschaft f\u00fcr Herausforderungen motiviert mich jeden Tag und ich freue mich \u00fcber jedes neue Projekt.<\/p>\n\n\n\n<p>Calvin Schwaiger<\/p>\n","protected":false},"excerpt":{"rendered":"<p>Ich wurde 1993 in Bregenz geboren und bin in Hard aufgewachsen, wo sich auch heute noch mein Lebensmittelpunkt befindet.&nbsp; Bereits in jungen Jahren erwachte eine gro\u00dfe Leidenschaft f\u00fcr Baumaschinen und deren T\u00e4tigkeiten in mir, die mich bis heute auf meinem Lebensweg begleiten. Von 2000 bis 2009 besuchte ich die Volks- und Hauptschule in Hard. Dort erlernte ich nicht nur die grundlegenden schulischen F\u00e4higkeiten, sondern auch die Werte von Teamarbeit und Engagement zu sch\u00e4tzen.&nbsp; Seit 2005 bin ich Mitglied der Feuerwehr Hard , weil das Ehrenamt f\u00fcr mich bis heute einen sehr hohen Stellenwert hat. Im Jahr 2009 begann ich eine Lehre als Koch, die ich mit Erfolg abgeschlossen habe. Jedoch war mir schon w\u00e4hrend der Lehrjahre klar, dass ich mich im freien auf einem Haufen Kies oder Dreck sehe und nicht in einer K\u00fcche. Nach der Lehre begannen f\u00fcr mich 4 Jahre voller pr\u00e4gender Erlebnisse. Ich leistete meinen Grundwehrdienst beim Bundesheer ab und entschloss mich, meine Karriere beim Heer fortzuf\u00fchren. Ich absolvierte Auslandseins\u00e4tze im Kosovo und Libanon. Nach meiner Zeit beim Bundesheer suchte ich nach neuen beruflichen Herausforderungen.&nbsp; In mehreren Baufirmen durfte ich Fachpraxis sammeln. In dieser Zeit wurde mir klar, dass ich mein eigenes Unternehmen gr\u00fcnden m\u00f6chte. Um mein Ziel zu verwirklichen, nahm ich 2021 an mehreren Kursen und Lehrg\u00e4ngen beim WIFI und an der Bauakademie teil. Ebenfalls absolvierte ich im selben Jahr die Konzessionspr\u00fcfung f\u00fcr den Grenz\u00fcbergreifenden G\u00fcterverkehr. Heute freue ich mich mein eigenes Unternehmen zu f\u00fchren und die F\u00e4higkeiten, die ich \u00fcber die Jahre erworben habe, in meiner t\u00e4glichen Arbeit einzusetzen. Die Kombination aus meiner praktischen Erfahrung, meiner Ausbildung und meiner Leidenschaft f\u00fcr Herausforderungen motiviert mich jeden Tag und ich freue mich \u00fcber jedes neue Projekt. Calvin Schwaiger<\/p>\n","protected":false},"author":2,"featured_media":0,"parent":0,"menu_order":0,"comment_status":"closed","ping_status":"closed","template":"","meta":{"footnotes":""},"class_list":["post-677","page","type-page","status-publish","hentry"],"_links":{"self":[{"href":"https:\/\/www.schwaiger-transporte.at\/index.php?rest_route=\/wp\/v2\/pages\/677","targetHints":{"allow":["GET"]}}],"collection":[{"href":"https:\/\/www.schwaiger-transporte.at\/index.php?rest_route=\/wp\/v2\/pages"}],"about":[{"href":"https:\/\/www.schwaiger-transporte.at\/index.php?rest_route=\/wp\/v2\/types\/page"}],"author":[{"embeddable":true,"href":"https:\/\/www.schwaiger-transporte.at\/index.php?rest_route=\/wp\/v2\/users\/2"}],"replies":[{"embeddable":true,"href":"https:\/\/www.schwaiger-transporte.at\/index.php?rest_route=%2Fwp%2Fv2%2Fcomments&post=677"}],"version-history":[{"count":2,"href":"https:\/\/www.schwaiger-transporte.at\/index.php?rest_route=\/wp\/v2\/pages\/677\/revisions"}],"predecessor-version":[{"id":680,"href":"https:\/\/www.schwaiger-transporte.at\/index.php?rest_route=\/wp\/v2\/pages\/677\/revisions\/680"}],"wp:attachment":[{"href":"https:\/\/www.schwaiger-transporte.at\/index.php?rest_route=%2Fwp%2Fv2%2Fmedia&parent=677"}],"curies":[{"name":"wp","href":"https:\/\/api.w.org\/{rel}","templated":true}]}}