{"id":420,"date":"2021-11-09T23:21:03","date_gmt":"2021-11-09T22:21:03","guid":{"rendered":"https:\/\/www.schwaiger-transporte.at\/?page_id=420"},"modified":"2022-11-21T18:38:57","modified_gmt":"2022-11-21T17:38:57","slug":"schacht-instandsetzung","status":"publish","type":"page","link":"https:\/\/www.schwaiger-transporte.at\/?page_id=420","title":{"rendered":"Schacht Instandsetzung"},"content":{"rendered":"\n<div class=\"wp-block-media-text alignwide is-stacked-on-mobile\" style=\"grid-template-columns:37% auto\"><figure class=\"wp-block-media-text__media\"><img fetchpriority=\"high\" decoding=\"async\" width=\"679\" height=\"1024\" src=\"https:\/\/www.schwaiger-transporte.at\/wp-content\/uploads\/2021\/11\/IMG_20211023_162732-3-679x1024.jpg\" alt=\"\" class=\"wp-image-391 size-full\" srcset=\"https:\/\/www.schwaiger-transporte.at\/wp-content\/uploads\/2021\/11\/IMG_20211023_162732-3-679x1024.jpg 679w, https:\/\/www.schwaiger-transporte.at\/wp-content\/uploads\/2021\/11\/IMG_20211023_162732-3-199x300.jpg 199w, https:\/\/www.schwaiger-transporte.at\/wp-content\/uploads\/2021\/11\/IMG_20211023_162732-3-768x1158.jpg 768w, https:\/\/www.schwaiger-transporte.at\/wp-content\/uploads\/2021\/11\/IMG_20211023_162732-3-1019x1536.jpg 1019w, https:\/\/www.schwaiger-transporte.at\/wp-content\/uploads\/2021\/11\/IMG_20211023_162732-3-1359x2048.jpg 1359w, https:\/\/www.schwaiger-transporte.at\/wp-content\/uploads\/2021\/11\/IMG_20211023_162732-3-1140x1718.jpg 1140w, https:\/\/www.schwaiger-transporte.at\/wp-content\/uploads\/2021\/11\/IMG_20211023_162732-3-scaled.jpg 1698w\" sizes=\"(max-width: 679px) 100vw, 679px\" \/><\/figure><div class=\"wp-block-media-text__content\">\n<p>Auf ihrem Grundst\u00fcck sind ein oder mehrere Sch\u00e4chte unter Niveau?<\/p>\n<\/div><\/div>\n\n\n\n<p>.<\/p>\n\n\n\n<div class=\"wp-block-media-text alignwide is-stacked-on-mobile\"><figure class=\"wp-block-media-text__media\"><img decoding=\"async\" width=\"1024\" height=\"961\" src=\"https:\/\/www.schwaiger-transporte.at\/wp-content\/uploads\/2021\/11\/1636483782351-1024x961.jpg\" alt=\"\" class=\"wp-image-393 size-full\" srcset=\"https:\/\/www.schwaiger-transporte.at\/wp-content\/uploads\/2021\/11\/1636483782351-1024x961.jpg 1024w, https:\/\/www.schwaiger-transporte.at\/wp-content\/uploads\/2021\/11\/1636483782351-300x281.jpg 300w, https:\/\/www.schwaiger-transporte.at\/wp-content\/uploads\/2021\/11\/1636483782351-768x721.jpg 768w, https:\/\/www.schwaiger-transporte.at\/wp-content\/uploads\/2021\/11\/1636483782351-1536x1441.jpg 1536w, https:\/\/www.schwaiger-transporte.at\/wp-content\/uploads\/2021\/11\/1636483782351-1140x1070.jpg 1140w, https:\/\/www.schwaiger-transporte.at\/wp-content\/uploads\/2021\/11\/1636483782351.jpg 1913w\" sizes=\"(max-width: 1024px) 100vw, 1024px\" \/><\/figure><div class=\"wp-block-media-text__content\">\n<p>Mit verschiedenen Gr\u00f6\u00dfen der Ausgleichsringe wird der Schacht oder Wasserkasten Aufgehoben. <\/p>\n<\/div><\/div>\n","protected":false},"excerpt":{"rendered":"<p>Auf ihrem Grundst\u00fcck sind ein oder mehrere Sch\u00e4chte unter Niveau? . Mit verschiedenen Gr\u00f6\u00dfen der Ausgleichsringe wird der Schacht oder Wasserkasten Aufgehoben.<\/p>\n","protected":false},"author":1,"featured_media":0,"parent":0,"menu_order":0,"comment_status":"closed","ping_status":"closed","template":"","meta":{"footnotes":""},"class_list":["post-420","page","type-page","status-publish","hentry"],"_links":{"self":[{"href":"https:\/\/www.schwaiger-transporte.at\/index.php?rest_route=\/wp\/v2\/pages\/420","targetHints":{"allow":["GET"]}}],"collection":[{"href":"https:\/\/www.schwaiger-transporte.at\/index.php?rest_route=\/wp\/v2\/pages"}],"about":[{"href":"https:\/\/www.schwaiger-transporte.at\/index.php?rest_route=\/wp\/v2\/types\/page"}],"author":[{"embeddable":true,"href":"https:\/\/www.schwaiger-transporte.at\/index.php?rest_route=\/wp\/v2\/users\/1"}],"replies":[{"embeddable":true,"href":"https:\/\/www.schwaiger-transporte.at\/index.php?rest_route=%2Fwp%2Fv2%2Fcomments&post=420"}],"version-history":[{"count":6,"href":"https:\/\/www.schwaiger-transporte.at\/index.php?rest_route=\/wp\/v2\/pages\/420\/revisions"}],"predecessor-version":[{"id":552,"href":"https:\/\/www.schwaiger-transporte.at\/index.php?rest_route=\/wp\/v2\/pages\/420\/revisions\/552"}],"wp:attachment":[{"href":"https:\/\/www.schwaiger-transporte.at\/index.php?rest_route=%2Fwp%2Fv2%2Fmedia&parent=420"}],"curies":[{"name":"wp","href":"https:\/\/api.w.org\/{rel}","templated":true}]}}