{"id":356,"date":"2021-10-05T19:57:08","date_gmt":"2021-10-05T17:57:08","guid":{"rendered":"https:\/\/www.schwaiger-transporte.at\/?page_id=356"},"modified":"2022-11-21T18:48:47","modified_gmt":"2022-11-21T17:48:47","slug":"transporte","status":"publish","type":"page","link":"https:\/\/www.schwaiger-transporte.at\/?page_id=356","title":{"rendered":"Transporte"},"content":{"rendered":"\n<div class=\"wp-block-media-text alignwide is-stacked-on-mobile\"><figure class=\"wp-block-media-text__media\"><img fetchpriority=\"high\" decoding=\"async\" width=\"755\" height=\"1024\" src=\"https:\/\/www.schwaiger-transporte.at\/wp-content\/uploads\/2021\/11\/IMG_20210901_122632-1-755x1024.jpg\" alt=\"\" class=\"wp-image-430 size-full\" srcset=\"https:\/\/www.schwaiger-transporte.at\/wp-content\/uploads\/2021\/11\/IMG_20210901_122632-1-755x1024.jpg 755w, https:\/\/www.schwaiger-transporte.at\/wp-content\/uploads\/2021\/11\/IMG_20210901_122632-1-221x300.jpg 221w, https:\/\/www.schwaiger-transporte.at\/wp-content\/uploads\/2021\/11\/IMG_20210901_122632-1-768x1041.jpg 768w, https:\/\/www.schwaiger-transporte.at\/wp-content\/uploads\/2021\/11\/IMG_20210901_122632-1-1133x1536.jpg 1133w, https:\/\/www.schwaiger-transporte.at\/wp-content\/uploads\/2021\/11\/IMG_20210901_122632-1-1511x2048.jpg 1511w, https:\/\/www.schwaiger-transporte.at\/wp-content\/uploads\/2021\/11\/IMG_20210901_122632-1-1140x1545.jpg 1140w, https:\/\/www.schwaiger-transporte.at\/wp-content\/uploads\/2021\/11\/IMG_20210901_122632-1-scaled.jpg 1889w\" sizes=\"(max-width: 755px) 100vw, 755px\" \/><\/figure><div class=\"wp-block-media-text__content\">\n<p class=\"has-large-font-size\">Palettenware<\/p>\n<\/div><\/div>\n\n\n\n<div class=\"wp-block-media-text alignwide has-media-on-the-right is-stacked-on-mobile\"><div class=\"wp-block-media-text__content\">\n<p class=\"has-large-font-size\">Langfuhren<\/p>\n<\/div><figure class=\"wp-block-media-text__media\"><img decoding=\"async\" width=\"1024\" height=\"768\" src=\"https:\/\/www.schwaiger-transporte.at\/wp-content\/uploads\/2022\/11\/IMG-20220917-WA0019-1024x768.jpg\" alt=\"\" class=\"wp-image-560 size-full\" srcset=\"https:\/\/www.schwaiger-transporte.at\/wp-content\/uploads\/2022\/11\/IMG-20220917-WA0019-1024x768.jpg 1024w, https:\/\/www.schwaiger-transporte.at\/wp-content\/uploads\/2022\/11\/IMG-20220917-WA0019-300x225.jpg 300w, https:\/\/www.schwaiger-transporte.at\/wp-content\/uploads\/2022\/11\/IMG-20220917-WA0019-768x576.jpg 768w, https:\/\/www.schwaiger-transporte.at\/wp-content\/uploads\/2022\/11\/IMG-20220917-WA0019-1536x1152.jpg 1536w, https:\/\/www.schwaiger-transporte.at\/wp-content\/uploads\/2022\/11\/IMG-20220917-WA0019-1140x855.jpg 1140w, https:\/\/www.schwaiger-transporte.at\/wp-content\/uploads\/2022\/11\/IMG-20220917-WA0019.jpg 2048w\" sizes=\"(max-width: 1024px) 100vw, 1024px\" \/><\/figure><\/div>\n\n\n\n<div class=\"wp-block-media-text alignwide is-stacked-on-mobile\"><figure class=\"wp-block-media-text__media\"><img decoding=\"async\" width=\"472\" height=\"1024\" src=\"https:\/\/www.schwaiger-transporte.at\/wp-content\/uploads\/2021\/11\/IMG_20211110_131319-472x1024.jpg\" alt=\"\" class=\"wp-image-432 size-full\" srcset=\"https:\/\/www.schwaiger-transporte.at\/wp-content\/uploads\/2021\/11\/IMG_20211110_131319-472x1024.jpg 472w, https:\/\/www.schwaiger-transporte.at\/wp-content\/uploads\/2021\/11\/IMG_20211110_131319-138x300.jpg 138w, https:\/\/www.schwaiger-transporte.at\/wp-content\/uploads\/2021\/11\/IMG_20211110_131319-768x1668.jpg 768w, https:\/\/www.schwaiger-transporte.at\/wp-content\/uploads\/2021\/11\/IMG_20211110_131319-707x1536.jpg 707w, https:\/\/www.schwaiger-transporte.at\/wp-content\/uploads\/2021\/11\/IMG_20211110_131319-943x2048.jpg 943w, https:\/\/www.schwaiger-transporte.at\/wp-content\/uploads\/2021\/11\/IMG_20211110_131319-1140x2475.jpg 1140w, https:\/\/www.schwaiger-transporte.at\/wp-content\/uploads\/2021\/11\/IMG_20211110_131319-scaled.jpg 1179w\" sizes=\"(max-width: 472px) 100vw, 472px\" \/><\/figure><div class=\"wp-block-media-text__content\">\n<p class=\"has-large-font-size\">Sch\u00fcttgut<\/p>\n<\/div><\/div>\n\n\n\n<div class=\"wp-block-media-text alignwide has-media-on-the-right is-stacked-on-mobile\"><div class=\"wp-block-media-text__content\">\n<p class=\"has-large-font-size\">Maschinen<\/p>\n<\/div><figure class=\"wp-block-media-text__media\"><img loading=\"lazy\" decoding=\"async\" width=\"474\" height=\"1024\" src=\"https:\/\/www.schwaiger-transporte.at\/wp-content\/uploads\/2021\/11\/IMG_20211117_074009-1-474x1024.jpg\" alt=\"\" class=\"wp-image-433 size-full\" srcset=\"https:\/\/www.schwaiger-transporte.at\/wp-content\/uploads\/2021\/11\/IMG_20211117_074009-1-474x1024.jpg 474w, https:\/\/www.schwaiger-transporte.at\/wp-content\/uploads\/2021\/11\/IMG_20211117_074009-1-139x300.jpg 139w, https:\/\/www.schwaiger-transporte.at\/wp-content\/uploads\/2021\/11\/IMG_20211117_074009-1-768x1661.jpg 768w, https:\/\/www.schwaiger-transporte.at\/wp-content\/uploads\/2021\/11\/IMG_20211117_074009-1-710x1536.jpg 710w, https:\/\/www.schwaiger-transporte.at\/wp-content\/uploads\/2021\/11\/IMG_20211117_074009-1-947x2048.jpg 947w, https:\/\/www.schwaiger-transporte.at\/wp-content\/uploads\/2021\/11\/IMG_20211117_074009-1-1140x2465.jpg 1140w, https:\/\/www.schwaiger-transporte.at\/wp-content\/uploads\/2021\/11\/IMG_20211117_074009-1-scaled.jpg 1184w\" sizes=\"(max-width: 474px) 100vw, 474px\" \/><\/figure><\/div>\n\n\n\n<div class=\"wp-block-media-text alignwide is-stacked-on-mobile\"><figure class=\"wp-block-media-text__media\"><img loading=\"lazy\" decoding=\"async\" width=\"472\" height=\"1024\" src=\"https:\/\/www.schwaiger-transporte.at\/wp-content\/uploads\/2021\/11\/IMG_20211022_124308-472x1024.jpg\" alt=\"\" class=\"wp-image-434 size-full\" srcset=\"https:\/\/www.schwaiger-transporte.at\/wp-content\/uploads\/2021\/11\/IMG_20211022_124308-472x1024.jpg 472w, https:\/\/www.schwaiger-transporte.at\/wp-content\/uploads\/2021\/11\/IMG_20211022_124308-138x300.jpg 138w, https:\/\/www.schwaiger-transporte.at\/wp-content\/uploads\/2021\/11\/IMG_20211022_124308-768x1668.jpg 768w, https:\/\/www.schwaiger-transporte.at\/wp-content\/uploads\/2021\/11\/IMG_20211022_124308-707x1536.jpg 707w, https:\/\/www.schwaiger-transporte.at\/wp-content\/uploads\/2021\/11\/IMG_20211022_124308-943x2048.jpg 943w, https:\/\/www.schwaiger-transporte.at\/wp-content\/uploads\/2021\/11\/IMG_20211022_124308-1140x2475.jpg 1140w, https:\/\/www.schwaiger-transporte.at\/wp-content\/uploads\/2021\/11\/IMG_20211022_124308-scaled.jpg 1179w\" sizes=\"(max-width: 472px) 100vw, 472px\" \/><\/figure><div class=\"wp-block-media-text__content\">\n<p class=\"has-large-font-size\">Schrott<\/p>\n<\/div><\/div>\n\n\n\n<div class=\"wp-block-media-text alignwide has-media-on-the-right is-stacked-on-mobile\"><div class=\"wp-block-media-text__content\">\n<p class=\"has-large-font-size\">Weihnachtsb\u00e4ume<\/p>\n<\/div><figure class=\"wp-block-media-text__media\"><img loading=\"lazy\" decoding=\"async\" width=\"1024\" height=\"474\" src=\"https:\/\/www.schwaiger-transporte.at\/wp-content\/uploads\/2021\/11\/IMG_20211125_161854-1024x474.jpg\" alt=\"\" class=\"wp-image-435 size-full\" srcset=\"https:\/\/www.schwaiger-transporte.at\/wp-content\/uploads\/2021\/11\/IMG_20211125_161854-1024x474.jpg 1024w, https:\/\/www.schwaiger-transporte.at\/wp-content\/uploads\/2021\/11\/IMG_20211125_161854-300x139.jpg 300w, https:\/\/www.schwaiger-transporte.at\/wp-content\/uploads\/2021\/11\/IMG_20211125_161854-768x355.jpg 768w, https:\/\/www.schwaiger-transporte.at\/wp-content\/uploads\/2021\/11\/IMG_20211125_161854-1536x710.jpg 1536w, https:\/\/www.schwaiger-transporte.at\/wp-content\/uploads\/2021\/11\/IMG_20211125_161854-2048x947.jpg 2048w, https:\/\/www.schwaiger-transporte.at\/wp-content\/uploads\/2021\/11\/IMG_20211125_161854-1140x527.jpg 1140w\" sizes=\"(max-width: 1024px) 100vw, 1024px\" \/><\/figure><\/div>\n\n\n\n<div class=\"wp-block-media-text alignwide is-stacked-on-mobile\"><figure class=\"wp-block-media-text__media\"><img loading=\"lazy\" decoding=\"async\" width=\"1024\" height=\"768\" src=\"https:\/\/www.schwaiger-transporte.at\/wp-content\/uploads\/2021\/11\/IMG_20210828_140610-1024x768.jpg\" alt=\"\" class=\"wp-image-436 size-full\" srcset=\"https:\/\/www.schwaiger-transporte.at\/wp-content\/uploads\/2021\/11\/IMG_20210828_140610-1024x768.jpg 1024w, https:\/\/www.schwaiger-transporte.at\/wp-content\/uploads\/2021\/11\/IMG_20210828_140610-300x225.jpg 300w, https:\/\/www.schwaiger-transporte.at\/wp-content\/uploads\/2021\/11\/IMG_20210828_140610-768x576.jpg 768w, https:\/\/www.schwaiger-transporte.at\/wp-content\/uploads\/2021\/11\/IMG_20210828_140610-1536x1152.jpg 1536w, https:\/\/www.schwaiger-transporte.at\/wp-content\/uploads\/2021\/11\/IMG_20210828_140610-2048x1536.jpg 2048w, https:\/\/www.schwaiger-transporte.at\/wp-content\/uploads\/2021\/11\/IMG_20210828_140610-1140x855.jpg 1140w\" sizes=\"(max-width: 1024px) 100vw, 1024px\" \/><\/figure><div class=\"wp-block-media-text__content\">\n<p class=\"has-large-font-size\">Sondertrasporte<\/p>\n<\/div><\/div>\n\n\n\n<div class=\"wp-block-media-text alignwide has-media-on-the-right is-stacked-on-mobile\"><div class=\"wp-block-media-text__content\">\n<p class=\"has-large-font-size\">Sondertrasporte<\/p>\n<\/div><figure class=\"wp-block-media-text__media\"><img loading=\"lazy\" decoding=\"async\" width=\"1024\" height=\"768\" src=\"https:\/\/www.schwaiger-transporte.at\/wp-content\/uploads\/2022\/11\/20220802_112252-1024x768.jpg\" alt=\"\" class=\"wp-image-562 size-full\" srcset=\"https:\/\/www.schwaiger-transporte.at\/wp-content\/uploads\/2022\/11\/20220802_112252-1024x768.jpg 1024w, https:\/\/www.schwaiger-transporte.at\/wp-content\/uploads\/2022\/11\/20220802_112252-300x225.jpg 300w, https:\/\/www.schwaiger-transporte.at\/wp-content\/uploads\/2022\/11\/20220802_112252-768x576.jpg 768w, https:\/\/www.schwaiger-transporte.at\/wp-content\/uploads\/2022\/11\/20220802_112252-1536x1152.jpg 1536w, https:\/\/www.schwaiger-transporte.at\/wp-content\/uploads\/2022\/11\/20220802_112252-2048x1536.jpg 2048w, https:\/\/www.schwaiger-transporte.at\/wp-content\/uploads\/2022\/11\/20220802_112252-1140x855.jpg 1140w\" sizes=\"(max-width: 1024px) 100vw, 1024px\" \/><\/figure><\/div>\n\n\n\n<div class=\"wp-block-media-text alignwide is-stacked-on-mobile\"><figure class=\"wp-block-media-text__media\"><img loading=\"lazy\" decoding=\"async\" width=\"768\" height=\"1024\" src=\"https:\/\/www.schwaiger-transporte.at\/wp-content\/uploads\/2022\/04\/IMG_20220309_111725-768x1024.jpg\" alt=\"\" class=\"wp-image-521 size-full\" srcset=\"https:\/\/www.schwaiger-transporte.at\/wp-content\/uploads\/2022\/04\/IMG_20220309_111725-768x1024.jpg 768w, https:\/\/www.schwaiger-transporte.at\/wp-content\/uploads\/2022\/04\/IMG_20220309_111725-225x300.jpg 225w, https:\/\/www.schwaiger-transporte.at\/wp-content\/uploads\/2022\/04\/IMG_20220309_111725-1152x1536.jpg 1152w, https:\/\/www.schwaiger-transporte.at\/wp-content\/uploads\/2022\/04\/IMG_20220309_111725-1536x2048.jpg 1536w, https:\/\/www.schwaiger-transporte.at\/wp-content\/uploads\/2022\/04\/IMG_20220309_111725-1140x1520.jpg 1140w, https:\/\/www.schwaiger-transporte.at\/wp-content\/uploads\/2022\/04\/IMG_20220309_111725-scaled.jpg 1920w\" sizes=\"(max-width: 768px) 100vw, 768px\" \/><\/figure><div class=\"wp-block-media-text__content\">\n<p class=\"has-large-font-size\">Gr\u00fcnschnitt<\/p>\n<\/div><\/div>\n\n\n\n<pre class=\"wp-block-preformatted has-medium-font-size\">Asphalt,\nBauschut,\nuvm.\n<\/pre>\n","protected":false},"excerpt":{"rendered":"<p>Palettenware Langfuhren Sch\u00fcttgut Maschinen Schrott Weihnachtsb\u00e4ume Sondertrasporte Sondertrasporte Gr\u00fcnschnitt Asphalt, Bauschut, uvm.<\/p>\n","protected":false},"author":1,"featured_media":0,"parent":0,"menu_order":0,"comment_status":"closed","ping_status":"closed","template":"","meta":{"footnotes":""},"class_list":["post-356","page","type-page","status-publish","hentry"],"_links":{"self":[{"href":"https:\/\/www.schwaiger-transporte.at\/index.php?rest_route=\/wp\/v2\/pages\/356","targetHints":{"allow":["GET"]}}],"collection":[{"href":"https:\/\/www.schwaiger-transporte.at\/index.php?rest_route=\/wp\/v2\/pages"}],"about":[{"href":"https:\/\/www.schwaiger-transporte.at\/index.php?rest_route=\/wp\/v2\/types\/page"}],"author":[{"embeddable":true,"href":"https:\/\/www.schwaiger-transporte.at\/index.php?rest_route=\/wp\/v2\/users\/1"}],"replies":[{"embeddable":true,"href":"https:\/\/www.schwaiger-transporte.at\/index.php?rest_route=%2Fwp%2Fv2%2Fcomments&post=356"}],"version-history":[{"count":7,"href":"https:\/\/www.schwaiger-transporte.at\/index.php?rest_route=\/wp\/v2\/pages\/356\/revisions"}],"predecessor-version":[{"id":563,"href":"https:\/\/www.schwaiger-transporte.at\/index.php?rest_route=\/wp\/v2\/pages\/356\/revisions\/563"}],"wp:attachment":[{"href":"https:\/\/www.schwaiger-transporte.at\/index.php?rest_route=%2Fwp%2Fv2%2Fmedia&parent=356"}],"curies":[{"name":"wp","href":"https:\/\/api.w.org\/{rel}","templated":true}]}}